{"id":1361,"date":"2023-05-05T08:21:16","date_gmt":"2023-05-05T06:21:16","guid":{"rendered":"https:\/\/botoxclinic.hu\/en\/?page_id=1361"},"modified":"2023-05-05T08:21:16","modified_gmt":"2023-05-05T06:21:16","slug":"health-fund-payment","status":"publish","type":"page","link":"https:\/\/botoxclinic.hu\/en\/health-fund-payment\/","title":{"rendered":"Health fund payment"},"content":{"rendered":"<h4 style=\"text-align: justify;\">BotoxClinic has a contract with the following health funds:<\/h4>\n<ul style=\"text-align: justify;\">\n<li><span style=\"color: #0000ff;\"><a href=\"https:\/\/www.otpbank.hu\/otppenztarak\/hu\/ep_index.html\" target=\"_blank\" rel=\"noopener\">OTP Eg\u00e9szs\u00e9gp\u00e9nzt\u00e1r<\/a><\/span><\/li>\n<li><span style=\"color: #0000ff;\"><a href=\"https:\/\/www.mkbep.hu\/\" target=\"_blank\" rel=\"noopener\">MKB Eg\u00e9szs\u00e9gp\u00e9nzt\u00e1r<\/a><\/span><\/li>\n<li><span style=\"color: #0000ff;\"><a href=\"http:\/\/www.patikapenztar.hu\/alap.php\" target=\"_blank\" rel=\"noopener\">Patika Eg\u00e9szs\u00e9gp\u00e9nzt\u00e1r<\/a><\/span><\/li>\n<li><span style=\"color: #0000ff;\"><a href=\"http:\/\/www.ujpiller.hu\/alap.php\" target=\"_blank\" rel=\"noopener\">\u00daj Pill\u00e9r Eg\u00e9szs\u00e9gp\u00e9nzt\u00e1r<\/a><\/span><\/li>\n<li><span style=\"color: #0000ff;\"><a href=\"http:\/\/www.prov1ta.hu\/index2.html\" target=\"_blank\" rel=\"noopener\">Provita Eg\u00e9szs\u00e9gp\u00e9nzt\u00e1r<\/a><\/span><\/li>\n<li><span style=\"color: #0000ff;\"><a href=\"http:\/\/www.honvedep.hu\/\" target=\"_blank\" rel=\"noopener\">Honv\u00e9d Eg\u00e9szs\u00e9gp\u00e9nzt\u00e1r<\/a><\/span><\/li>\n<li><span style=\"color: #0000ff;\"><a href=\"http:\/\/www.medicinapenztar.hu\/\" target=\"_blank\" rel=\"noopener\">Medicina Eg\u00e9szs\u00e9gp\u00e9nzt\u00e1r (K&amp;H)<\/a><\/span><\/li>\n<li><span style=\"color: #0000ff;\"><a href=\"https:\/\/www.allianz.hu\/www\/hu\/egeszsegpenztar_belepes.html\" target=\"_blank\" rel=\"noopener\">Allianz Hung\u00e1ria Eg\u00e9szs\u00e9gp\u00e9nzt\u00e1r<\/a><\/span><\/li>\n<\/ul>\n<p style=\"text-align: justify;\">It is not possible to pay by health fund card (POS) at the moment. <strong>The services used can be settled by issuing a cash payment invoice!<\/strong><\/p>\n","protected":false},"excerpt":{"rendered":"<p>BotoxClinic has a contract with the following health funds: OTP Eg\u00e9szs\u00e9gp\u00e9nzt\u00e1r MKB Eg\u00e9szs\u00e9gp\u00e9nzt\u00e1r Patika Eg\u00e9szs\u00e9gp\u00e9nzt\u00e1r \u00daj Pill\u00e9r Eg\u00e9szs\u00e9gp\u00e9nzt\u00e1r Provita Eg\u00e9szs\u00e9gp\u00e9nzt\u00e1r Honv\u00e9d Eg\u00e9szs\u00e9gp\u00e9nzt\u00e1r Medicina Eg\u00e9szs\u00e9gp\u00e9nzt\u00e1r (K&amp;H) Allianz Hung\u00e1ria Eg\u00e9szs\u00e9gp\u00e9nzt\u00e1r It is not possible to pay by health fund card (POS) at the moment. The services used can be settled by issuing a cash payment invoice!<\/p>\n","protected":false},"author":2,"featured_media":0,"parent":0,"menu_order":0,"comment_status":"closed","ping_status":"open","template":"","meta":{"iawp_total_views":96,"footnotes":""},"class_list":["post-1361","page","type-page","status-publish","hentry"],"aioseo_notices":[],"_links":{"self":[{"href":"https:\/\/botoxclinic.hu\/en\/wp-json\/wp\/v2\/pages\/1361","targetHints":{"allow":["GET"]}}],"collection":[{"href":"https:\/\/botoxclinic.hu\/en\/wp-json\/wp\/v2\/pages"}],"about":[{"href":"https:\/\/botoxclinic.hu\/en\/wp-json\/wp\/v2\/types\/page"}],"author":[{"embeddable":true,"href":"https:\/\/botoxclinic.hu\/en\/wp-json\/wp\/v2\/users\/2"}],"replies":[{"embeddable":true,"href":"https:\/\/botoxclinic.hu\/en\/wp-json\/wp\/v2\/comments?post=1361"}],"version-history":[{"count":1,"href":"https:\/\/botoxclinic.hu\/en\/wp-json\/wp\/v2\/pages\/1361\/revisions"}],"predecessor-version":[{"id":1363,"href":"https:\/\/botoxclinic.hu\/en\/wp-json\/wp\/v2\/pages\/1361\/revisions\/1363"}],"wp:attachment":[{"href":"https:\/\/botoxclinic.hu\/en\/wp-json\/wp\/v2\/media?parent=1361"}],"curies":[{"name":"wp","href":"https:\/\/api.w.org\/{rel}","templated":true}]}}